{"id":33148,"date":"2022-05-12T14:31:20","date_gmt":"2022-05-12T12:31:20","guid":{"rendered":"https:\/\/nexointeriores.com\/mentions-legales\/"},"modified":"2023-03-17T15:35:13","modified_gmt":"2023-03-17T14:35:13","slug":"mentions-legales","status":"publish","type":"page","link":"https:\/\/nexointeriores.com\/fr\/mentions-legales\/","title":{"rendered":"Mentions l\u00e9gales"},"content":{"rendered":"<p>[et_pb_section fb_built=&#8221;1&#8243; fullwidth=&#8221;on&#8221; _builder_version=&#8221;4.17.3&#8243; _module_preset=&#8221;default&#8221; background_color=&#8221;#00472f&#8221; global_colors_info=&#8221;{}&#8221;][et_pb_fullwidth_header title=&#8221;Mentions l\u00e9gales&#8221; _builder_version=&#8221;4.17.3&#8243; _module_preset=&#8221;default&#8221; title_font=&#8221;Playfair Display||||||||&#8221; background_color=&#8221;rgba(255, 255, 255, 0)&#8221; custom_padding=&#8221;0px||0px||false|false&#8221; global_colors_info=&#8221;{}&#8221; button_one_text_size__hover_enabled=&#8221;off&#8221; button_two_text_size__hover_enabled=&#8221;off&#8221; button_one_text_color__hover_enabled=&#8221;off&#8221; button_two_text_color__hover_enabled=&#8221;off&#8221; button_one_border_width__hover_enabled=&#8221;off&#8221; button_two_border_width__hover_enabled=&#8221;off&#8221; button_one_border_color__hover_enabled=&#8221;off&#8221; button_two_border_color__hover_enabled=&#8221;off&#8221; button_one_border_radius__hover_enabled=&#8221;off&#8221; button_two_border_radius__hover_enabled=&#8221;off&#8221; button_one_letter_spacing__hover_enabled=&#8221;off&#8221; button_two_letter_spacing__hover_enabled=&#8221;off&#8221; button_one_bg_color__hover_enabled=&#8221;off&#8221; button_two_bg_color__hover_enabled=&#8221;off&#8221;][\/et_pb_fullwidth_header][\/et_pb_section][et_pb_section fb_built=&#8221;1&#8243; _builder_version=&#8221;4.17.3&#8243; _module_preset=&#8221;default&#8221; background_color=&#8221;#f2f2ef&#8221; global_colors_info=&#8221;{}&#8221;][et_pb_row _builder_version=&#8221;4.16&#8243; _module_preset=&#8221;default&#8221; background_size=&#8221;initial&#8221; background_position=&#8221;top_left&#8221; background_repeat=&#8221;repeat&#8221; global_colors_info=&#8221;{}&#8221;][et_pb_column type=&#8221;4_4&#8243; _builder_version=&#8221;4.16&#8243; _module_preset=&#8221;default&#8221; custom_padding=&#8221;|||&#8221; hover_enabled=&#8221;0&#8243; global_colors_info=&#8221;{}&#8221; custom_padding__hover=&#8221;|||&#8221; sticky_enabled=&#8221;0&#8243;][et_pb_text _builder_version=&#8221;4.17.4&#8243; _module_preset=&#8221;default&#8221; background_size=&#8221;initial&#8221; background_position=&#8221;top_left&#8221; background_repeat=&#8221;repeat&#8221; hover_enabled=&#8221;0&#8243; global_colors_info=&#8221;{}&#8221; sticky_enabled=&#8221;0&#8243;]<\/p>\n<div class=\"page\" style=\"font-weight: normal;\" title=\"page1\">\n<div class=\"layoutArea\">\n<div class=\"column\">\n<div class=\"page\" title=\"page1\">\n<div class=\"layoutArea\">\n<div class=\"column\">\n<h4>DROIT DES SERVICES DE LA SOCI\u00c9T\u00c9 DE L&#8217;INFORMATION (LSSI)<\/h4>\n<p>NEXO PRODUCCION GRAFICA S.L, responsable du site Web, ci-apr\u00e8s d\u00e9nomm\u00e9 RESPONSABLE, met \u00e0<br \/>la disposition des utilisateurs ce pr\u00e9sent document, par lequel elle entend se conformer aux<br \/>obligations \u00e9tablies dans le cadre de l&#8217;Accord sur le commerce int\u00e9rieur. Les obligations \u00e9nonc\u00e9es dans la loi 34\/2002, du 11 juillet, sur les services de la soci\u00e9t\u00e9 de<br \/>l&#8217;information et le commerce \u00e9lectronique (LSSI), BOE n\u00b0 166, ainsi que d&#8217;informer tous les utilisateurs<br \/>du site web quant aux conditions d\u2019utilisation.<\/p>\n<p>Toute personne qui acc\u00e8de \u00e0 ce site Web assume le r\u00f4le d&#8217;utilisateur, s&#8217;engageant ainsi \u00e0 respecter<br \/>l&#8217;observation et le strict respect des dispositions des pr\u00e9sentes, ainsi que de toute autre<br \/>disposition l\u00e9gale applicable.<\/p>\n<p>NEXO PRODUCCION GRAFICA S.L se r\u00e9serve le droit de modifier tout type d&#8217;information<br \/>pouvant figurer sur le site web, ainsi que tout autre \u00e9l\u00e9ment l\u00e9gal sans qu&#8217;il y<br \/>ait une obligation de pr\u00e9avis ou d&#8217;information de ses dites obligations, la publication sur le site web de<br \/>NEXO PRODUCCION GRAFICA S.L. \u00e9tant consid\u00e9r\u00e9e comme suffisante.<\/p>\n<h4>1. DONN\u00c9ES D&#8217;IDENTIFICATION<\/h4>\n<p>Nom de domaine : nexointeriores.com<br \/>Nom de la soci\u00e9t\u00e9 : NEXO INTERIORES<br \/>D\u00e9nomination de la soci\u00e9t\u00e9 : NEXO PRODUCCION GRAFICA S.L.<br \/>NIF: B85828564<br \/>Si\u00e8ge social : Av. Valdelaparra, 27 naves 1 y 2 &#8211; 28108- Alcobendas<br \/>T\u00e9l\u00e9phone : 914900258<br \/>e-mail : info@nexointeriores.com<br \/>Inscrit au Registre (Mercantile \/ Public) : Registro Mercantil de MADRID Tomo 27134 , Folio 176, Secci\u00f3n 8, Hoja M 488848, I\/A 1<\/p>\n<h4>2. DROITS DE PROPRI\u00c9T\u00c9 INTELLECTUELLE ET INDUSTRIELLE<\/h4>\n<p>Le site web, y compris, mais sans s&#8217;y limiter, sa programmation, son \u00e9dition, sa compilation et<br \/>les autres \u00e9l\u00e9ments n\u00e9cessaires \u00e0 son fonctionnement, les dessins, les logos, les textes et\/ou les graphiques sont<br \/>la propri\u00e9t\u00e9 de la PARTIE RESPONSABLE ou, le cas \u00e9ch\u00e9ant, b\u00e9n\u00e9ficie d&#8217;une licence ou d&#8217;une autorisation expresse<br \/>des auteurs. Tous les contenus du site sont d\u00fbment prot\u00e9g\u00e9s par la propri\u00e9t\u00e9<br \/>intellectuelle et industrielle, ainsi que leur inscription dans les registres publics correspondants.<br \/>Ind\u00e9pendamment de la finalit\u00e9 pour laquelle ils ont \u00e9t\u00e9 con\u00e7us, la reproduction totale ou partielle, l&#8217;utilisation,<br \/>l&#8217;exploitation, la distribution et la commercialisation n\u00e9cessitent une autorisation \u00e9crite pr\u00e9alable<br \/>de la PARTIE RESPONSABLE. Toute utilisation non autoris\u00e9e est consid\u00e9r\u00e9e comme une violation<br \/>grave de la loi sur la protection des donn\u00e9es des droits de propri\u00e9t\u00e9 intellectuelle ou industrielle de l&#8217;auteur.<\/p>\n<p>Les dessins, logos, textes et\/ou graphiques qui n&#8217;appartiennent pas au RESPONSABLE et qui peuvent appara\u00eetre sur le site<br \/>web appartiennent \u00e0 leurs propri\u00e9taires respectifs, qui sont eux-m\u00eames responsables<br \/>de toute controverse \u00e9ventuelle. La PARTIE RESPONSABLE autorise express\u00e9ment<br \/>que les tiers puissent rediriger directement vers les contenus sp\u00e9cifiques du site web, et en tout cas rediriger vers le site web principal de nexointeriores.com.<\/p>\n<p>Le RESPONSABLE reconna\u00eet en faveur de leurs propri\u00e9taires les droits correspondants de la propri\u00e9t\u00e9<br \/>intellectuelle et industrielle, sans impliquer l&#8217;existence de droits ou d&#8217;avantages quelconques,<br \/>aucun droit ou responsabilit\u00e9 \u00e0 leur \u00e9gard, ni aucune approbation, parrainage ou<br \/>recommandation de leur part.<\/p>\n<p>Afin d&#8217;effectuer tout type d&#8217;observation concernant d&#8217;\u00e9ventuelles violations des droits de<br \/>propri\u00e9t\u00e9 intellectuelle ou industrielle, ainsi que sur l&#8217;un des contenus du site web, vous pouvez<br \/>nous contacter par e-mail \u00e0 info@nexointeriores.com.<\/p>\n<div class=\"page\" title=\"Page 2\">\n<div class=\"layoutArea\">\n<div class=\"column\">\n<h4>3. EXCLUSION DE RESPONSABILIT\u00c9<\/h4>\n<div class=\"page\" title=\"Page 3\">\n<div class=\"layoutArea\">\n<div class=\"column\">\n<p>Le RESPONSABLE est exon\u00e9r\u00e9 de tout type de responsabilit\u00e9 d\u00e9riv\u00e9e des informations publi\u00e9es<br \/>sur son site web, tant qu&#8217;il n&#8217;a pas connaissance effective que ces informations ont \u00e9t\u00e9<br \/>manipul\u00e9es ou introduites par un tiers ext\u00e9rieur \u00e0 celui-ci ou, si tel est le cas, il a agi avec diligence pour<br \/>supprimer les donn\u00e9es ou rendre leur acc\u00e8s impossible.<\/p>\n<h4>Utilisation des cookies<\/h4>\n<p>Ce site web peut utiliser des cookies techniques (petits fichiers d&#8217;information que le serveur envoie<br \/>\u00e0 l&#8217;ordinateur de l&#8217;utilisateur) afin d&#8217;ex\u00e9cuter certaines fonctions<br \/>consid\u00e9r\u00e9es comme essentielles pour le bon fonctionnement du site. Les cookies<br \/>utilis\u00e9s sont, dans tous les cas, de nature temporaire, dans le seul but de rendre la navigation<br \/>plus efficace, et ils disparaissent quand l&#8217;utilisateur termine sa cession. En aucun cas, ces cookies<br \/>fournissent eux-m\u00eames des donn\u00e9es \u00e0 caract\u00e8re personnel et ne seront pas utilis\u00e9s pour collecter de telles<br \/>donn\u00e9es.<\/p>\n<p>Gr\u00e2ce \u00e0 l&#8217;utilisation de cookies, il est \u00e9galement possible pour le serveur o\u00f9 se trouve le site web de reconna\u00eetre<br \/>l&#8217;utilisateur afin de faciliter la navigation, en permettant,<br \/>par exemple, l&#8217;acc\u00e8s des utilisateurs qui se sont pr\u00e9alablement inscrits \u00e0 des zones, services,<br \/>promotions ou concours qui leur sont exclusivement r\u00e9serv\u00e9s, sans devoir s&#8217;inscrire \u00e0 chaque visite.<br \/>Ils peuvent \u00e9galement \u00eatre utilis\u00e9s pour mesurer l&#8217;audience, les param\u00e8tres de trafic, contr\u00f4ler la progression et<br \/>le nombre d&#8217;entr\u00e9es, \u00e9tant dans ce cas, des cookies techniquement dispensables,<br \/>mais b\u00e9n\u00e9fiques pour l&#8217;utilisateur. Ce site web n&#8217;installera pas de cookies dispensables sans le consentement<br \/>pr\u00e9alable de l&#8217;utilisateur.<\/p>\n<p>L&#8217;utilisateur a la possibilit\u00e9 de configurer son navigateur pour \u00eatre alert\u00e9 de la r\u00e9ception de cookies<br \/>et pour emp\u00eacher leur installation sur son ordinateur. Veuillez consulter les instructions de votre navigateur pour<br \/>plus d&#8217;informations.<\/p>\n<h4>Politique de liaison<\/h4>\n<p>\u00c0 partir du site web, vous pouvez \u00eatre redirig\u00e9 vers du contenu sur des sites web de tiers. Comme le<br \/>RESPONSABLE ne peut pas toujours contr\u00f4ler les contenus publi\u00e9s par des tiers sur<br \/>leurs sites respectifs, elle n&#8217;assume aucune responsabilit\u00e9 quant \u00e0 ces contenus. En tout<br \/>\u00e9tat de cause, elle proc\u00e9dera au retrait imm\u00e9diat de tout contenu susceptible de contrevenir \u00e0 la l\u00e9gislation<br \/>nationale ou internationale, \u00e0 la morale ou \u00e0 l&#8217;\u00e9thique,<br \/>en informant les autorit\u00e9s comp\u00e9tentes du contenu<br \/>en question.<\/p>\n<p>La PARTIE RESPONSABLE n&#8217;accepte aucune responsabilit\u00e9 pour les informations et les contenus stock\u00e9s, y compris,<br \/>mais sans s&#8217;y limiter, les \u00e9l\u00e9ments suivants : dans les forums, les chats, les g\u00e9n\u00e9rateurs de blogs, les commentaires, les r\u00e9seaux sociaux ou<br \/>tout autre support permettant \u00e0 des tiers de publier des contenus de mani\u00e8re ind\u00e9pendante sur le site web<br \/>du RESPONSABLE. Toutefois, et conform\u00e9ment aux dispositions des articles 11 et 16 de<br \/>la LSSICE, est \u00e0 la disposition du RESPONSABLE, des autorit\u00e9s et des forces de s\u00e9curit\u00e9, collaborant activement \u00e0 la suppression ou, le cas \u00e9ch\u00e9ant, au blocage de tous les contenus<br \/>susceptibles d&#8217;affecter ou de contrevenir<br \/>\u00e0 la loi. Dans le cas o\u00f9 l&#8217;utilisateur consid\u00e8re qu&#8217;il y a un contenu sur le site web qui<br \/>pourrait \u00eatre susceptible de cette classification, veuillez en informer imm\u00e9diatement l&#8217;administrateur<br \/>du site.<\/p>\n<p>Ce site web a \u00e9t\u00e9 v\u00e9rifi\u00e9 et test\u00e9 pour s&#8217;assurer de son bon fonctionnement. En principe, il peut<br \/>\u00eatre garanti pour fonctionner correctement 365 jours par an, 24 heures par jour. Cependant,<br \/>le RESPONSABLE n&#8217;exclut pas la possibilit\u00e9 de certaines erreurs de programmation, ou<br \/>la survenance d&#8217;un cas de force majeure, d&#8217;une catastrophe ou d&#8217;un accident<br \/>rendant impossible l&#8217;acc\u00e8s au site web.<\/p>\n<h4>Adresses IP<\/h4>\n<p>Les serveurs du site web peuvent d\u00e9tecter automatiquement l&#8217;adresse IP et le nom de<br \/>domaine utilis\u00e9s par l&#8217;utilisateur. Une adresse IP est un num\u00e9ro automatiquement attribu\u00e9 \u00e0 un<br \/>ordinateur lorsqu&#8217;il se connecte \u00e0 l&#8217;Internet. Toutes ces informations sont enregistr\u00e9es dans un serveur qui<br \/>permet un traitement ult\u00e9rieur des donn\u00e9es afin d&#8217;obtenir<br \/>des mesures uniquement statistiques qui permettent le nombre d&#8217;impressions de pages, le<br \/>nombre de visites effectu\u00e9es sur les serveurs web, l&#8217;ordre des visites, le point d&#8217;acc\u00e8s, etc.<\/p>\n<h4>4. LOI ET JURIDICTION APPLICABLE<\/h4>\n<p>Pour la r\u00e9solution de tous les litiges ou questions li\u00e9s \u00e0 ce site web ou aux<br \/>activit\u00e9s qui y sont men\u00e9es, la l\u00e9gislation espagnole sera applicable, \u00e0 laquelle les parties<br \/>se soumettent express\u00e9ment, et les Cours de Justice sont comp\u00e9tentes pour r\u00e9soudre tous les conflits d\u00e9coulant<br \/>de ou li\u00e9s \u00e0 son utilisation, les Cours et Tribunaux du domicile de l&#8217;UTILISATEUR<br \/>est le lieu d&#8217;ex\u00e9cution de l&#8217;obligation.<\/p>\n<\/div>\n<\/div>\n<\/div>\n<\/div>\n<\/div>\n<\/div>\n<\/div>\n<\/div>\n<\/div>\n<\/div>\n<\/div>\n<\/div>\n<p>[\/et_pb_text][\/et_pb_column][\/et_pb_row][\/et_pb_section]<\/p>\n","protected":false},"excerpt":{"rendered":"<p>DROIT DES SERVICES DE LA SOCI\u00c9T\u00c9 DE L&#8217;INFORMATION (LSSI) NEXO PRODUCCION GRAFICA S.L, responsable du site Web, ci-apr\u00e8s d\u00e9nomm\u00e9 RESPONSABLE, met \u00e0la disposition des utilisateurs ce pr\u00e9sent document, par lequel elle entend se conformer auxobligations \u00e9tablies dans le cadre de l&#8217;Accord sur le commerce int\u00e9rieur. Les obligations \u00e9nonc\u00e9es dans la loi 34\/2002, du 11 juillet, [&hellip;]<\/p>\n","protected":false},"author":1,"featured_media":0,"parent":0,"menu_order":0,"comment_status":"closed","ping_status":"closed","template":"","meta":{"_et_pb_use_builder":"on","_et_pb_old_content":"","_et_gb_content_width":"","footnotes":""},"class_list":["post-33148","page","type-page","status-publish","hentry"],"_links":{"self":[{"href":"https:\/\/nexointeriores.com\/fr\/wp-json\/wp\/v2\/pages\/33148","targetHints":{"allow":["GET"]}}],"collection":[{"href":"https:\/\/nexointeriores.com\/fr\/wp-json\/wp\/v2\/pages"}],"about":[{"href":"https:\/\/nexointeriores.com\/fr\/wp-json\/wp\/v2\/types\/page"}],"author":[{"embeddable":true,"href":"https:\/\/nexointeriores.com\/fr\/wp-json\/wp\/v2\/users\/1"}],"replies":[{"embeddable":true,"href":"https:\/\/nexointeriores.com\/fr\/wp-json\/wp\/v2\/comments?post=33148"}],"version-history":[{"count":0,"href":"https:\/\/nexointeriores.com\/fr\/wp-json\/wp\/v2\/pages\/33148\/revisions"}],"wp:attachment":[{"href":"https:\/\/nexointeriores.com\/fr\/wp-json\/wp\/v2\/media?parent=33148"}],"curies":[{"name":"wp","href":"https:\/\/api.w.org\/{rel}","templated":true}]}}