{"id":32762,"date":"2022-07-05T11:48:44","date_gmt":"2022-07-05T09:48:44","guid":{"rendered":"https:\/\/nexointeriores.com\/inspiration-la-salle-de-bain\/"},"modified":"2023-03-17T15:35:24","modified_gmt":"2023-03-17T14:35:24","slug":"inspiration-la-salle-de-bain","status":"publish","type":"page","link":"https:\/\/nexointeriores.com\/fr\/inspiration-la-salle-de-bain\/","title":{"rendered":"Inspiration &#8211; La salle de bain"},"content":{"rendered":"<p>[et_pb_section fb_built=&#8221;1&#8243; admin_label=&#8221;Section &#8211; Shop category cta&#8221; _builder_version=&#8221;4.17.4&#8243; background_color=&#8221;rgba(231,223,210,0.61)&#8221; custom_padding=&#8221;0px||||false|false&#8221; top_divider_color=&#8221;#f2e9e3&#8243; top_divider_height=&#8221;30px&#8221; top_divider_repeat=&#8221;1x&#8221; collapsed=&#8221;off&#8221; global_colors_info=&#8221;{}&#8221;][et_pb_row _builder_version=&#8221;4.17.4&#8243; _module_preset=&#8221;default&#8221; global_colors_info=&#8221;{}&#8221;][et_pb_column type=&#8221;4_4&#8243; _builder_version=&#8221;4.17.4&#8243; _module_preset=&#8221;default&#8221; global_colors_info=&#8221;{}&#8221;][et_pb_text _builder_version=&#8221;4.17.4&#8243; _module_preset=&#8221;default&#8221; global_colors_info=&#8221;{}&#8221;]<\/p>\n<h1 style=\"text-align: center;\">La salle de bain<\/h1>\n<p>[\/et_pb_text][\/et_pb_column][\/et_pb_row][et_pb_row column_structure=&#8221;1_3,1_3,1_3&#8243; disabled_on=&#8221;on|off|off&#8221; _builder_version=&#8221;4.17.4&#8243; _module_preset=&#8221;default&#8221; global_colors_info=&#8221;{}&#8221;][et_pb_column type=&#8221;1_3&#8243; _builder_version=&#8221;4.17.4&#8243; _module_preset=&#8221;default&#8221; global_colors_info=&#8221;{}&#8221;][et_pb_image src=&#8221;https:\/\/nexointeriores.com\/wp-content\/uploads\/2022\/07\/BANO-NEXO-24.jpg&#8221; title_text=&#8221;BA\u00d1O-NEXO-24&#8243; module_class=&#8221;inspiraci\u00f3nBa\u00f1oImage24&#8243; _builder_version=&#8221;4.17.4&#8243; _module_preset=&#8221;default&#8221; global_colors_info=&#8221;{}&#8221;][\/et_pb_image][\/et_pb_column][et_pb_column type=&#8221;1_3&#8243; _builder_version=&#8221;4.17.4&#8243; _module_preset=&#8221;default&#8221; global_colors_info=&#8221;{}&#8221;][et_pb_image src=&#8221;https:\/\/nexointeriores.com\/wp-content\/uploads\/2022\/07\/BANO-NEXO-39.jpg&#8221; title_text=&#8221;BA\u00d1O-NEXO-39&#8243; module_class=&#8221;inspiraci\u00f3nBa\u00f1oImage39&#8243; _builder_version=&#8221;4.17.4&#8243; _module_preset=&#8221;default&#8221; global_colors_info=&#8221;{}&#8221;][\/et_pb_image][\/et_pb_column][et_pb_column type=&#8221;1_3&#8243; _builder_version=&#8221;4.17.4&#8243; _module_preset=&#8221;default&#8221; global_colors_info=&#8221;{}&#8221;][et_pb_image src=&#8221;https:\/\/nexointeriores.com\/wp-content\/uploads\/2022\/07\/BANO-NEXO-51.jpg&#8221; title_text=&#8221;BA\u00d1O-NEXO-51&#8243; module_class=&#8221;inspiraci\u00f3nBa\u00f1oImage51&#8243; _builder_version=&#8221;4.17.4&#8243; _module_preset=&#8221;default&#8221; custom_margin=&#8221;179px|||||&#8221; custom_margin_tablet=&#8221;179px|||||&#8221; custom_margin_phone=&#8221;5px||||false|false&#8221; custom_margin_last_edited=&#8221;on|phone&#8221; global_colors_info=&#8221;{}&#8221;][\/et_pb_image][\/et_pb_column][\/et_pb_row][et_pb_row column_structure=&#8221;1_3,1_3,1_3&#8243; disabled_on=&#8221;off|on|on&#8221; _builder_version=&#8221;4.17.4&#8243; _module_preset=&#8221;default&#8221; global_colors_info=&#8221;{}&#8221;][et_pb_column type=&#8221;1_3&#8243; _builder_version=&#8221;4.17.4&#8243; _module_preset=&#8221;default&#8221; global_colors_info=&#8221;{}&#8221;][et_pb_image src=&#8221;https:\/\/nexointeriores.com\/wp-content\/uploads\/2022\/07\/BANO-NEXO-24.jpg&#8221; title_text=&#8221;BA\u00d1O-NEXO-24&#8243; module_class=&#8221;inspiraci\u00f3nBa\u00f1oImage24&#8243; _builder_version=&#8221;4.17.4&#8243; _module_preset=&#8221;default&#8221; global_colors_info=&#8221;{}&#8221;][\/et_pb_image][\/et_pb_column][et_pb_column type=&#8221;1_3&#8243; _builder_version=&#8221;4.17.4&#8243; _module_preset=&#8221;default&#8221; global_colors_info=&#8221;{}&#8221;][et_pb_image src=&#8221;https:\/\/nexointeriores.com\/wp-content\/uploads\/2022\/07\/BANO-NEXO-39.jpg&#8221; title_text=&#8221;BA\u00d1O-NEXO-39&#8243; module_class=&#8221;inspiraci\u00f3nBa\u00f1oImage39mobile&#8221; _builder_version=&#8221;4.17.4&#8243; _module_preset=&#8221;default&#8221; global_colors_info=&#8221;{}&#8221;][\/et_pb_image][\/et_pb_column][et_pb_column type=&#8221;1_3&#8243; _builder_version=&#8221;4.17.4&#8243; _module_preset=&#8221;default&#8221; global_colors_info=&#8221;{}&#8221;][et_pb_image src=&#8221;https:\/\/nexointeriores.com\/wp-content\/uploads\/2022\/07\/BANO-NEXO-51.jpg&#8221; title_text=&#8221;BA\u00d1O-NEXO-51&#8243; module_class=&#8221;inspiraci\u00f3nBa\u00f1oImage51&#8243; _builder_version=&#8221;4.17.4&#8243; _module_preset=&#8221;default&#8221; custom_margin=&#8221;179px|||||&#8221; custom_margin_tablet=&#8221;179px|||||&#8221; custom_margin_phone=&#8221;5px||||false|false&#8221; custom_margin_last_edited=&#8221;on|phone&#8221; global_colors_info=&#8221;{}&#8221;][\/et_pb_image][\/et_pb_column][\/et_pb_row][\/et_pb_section]<\/p>\n","protected":false},"excerpt":{"rendered":"<p>La salle de bain<\/p>\n","protected":false},"author":1,"featured_media":0,"parent":0,"menu_order":0,"comment_status":"closed","ping_status":"closed","template":"","meta":{"_et_pb_use_builder":"on","_et_pb_old_content":"","_et_gb_content_width":"","footnotes":""},"class_list":["post-32762","page","type-page","status-publish","hentry"],"_links":{"self":[{"href":"https:\/\/nexointeriores.com\/fr\/wp-json\/wp\/v2\/pages\/32762","targetHints":{"allow":["GET"]}}],"collection":[{"href":"https:\/\/nexointeriores.com\/fr\/wp-json\/wp\/v2\/pages"}],"about":[{"href":"https:\/\/nexointeriores.com\/fr\/wp-json\/wp\/v2\/types\/page"}],"author":[{"embeddable":true,"href":"https:\/\/nexointeriores.com\/fr\/wp-json\/wp\/v2\/users\/1"}],"replies":[{"embeddable":true,"href":"https:\/\/nexointeriores.com\/fr\/wp-json\/wp\/v2\/comments?post=32762"}],"version-history":[{"count":0,"href":"https:\/\/nexointeriores.com\/fr\/wp-json\/wp\/v2\/pages\/32762\/revisions"}],"wp:attachment":[{"href":"https:\/\/nexointeriores.com\/fr\/wp-json\/wp\/v2\/media?parent=32762"}],"curies":[{"name":"wp","href":"https:\/\/api.w.org\/{rel}","templated":true}]}}