{"id":32704,"date":"2022-06-14T13:04:01","date_gmt":"2022-06-14T11:04:01","guid":{"rendered":"https:\/\/nexointeriores.com\/nexo-pro\/"},"modified":"2024-02-09T09:42:29","modified_gmt":"2024-02-09T08:42:29","slug":"nexo-pro","status":"publish","type":"page","link":"https:\/\/nexointeriores.com\/fr\/nexo-pro\/","title":{"rendered":"Nexo Pro"},"content":{"rendered":"<p>[et_pb_section fb_built=&#8221;1&#8243; _builder_version=&#8221;4.17.4&#8243; _module_preset=&#8221;default&#8221; background_enable_image=&#8221;off&#8221; background_size=&#8221;stretch&#8221; min_height=&#8221;249.2px&#8221; custom_margin=&#8221;||-4px|||&#8221; custom_padding=&#8221;3px||0px||false|false&#8221; global_colors_info=&#8221;{}&#8221;][et_pb_row _builder_version=&#8221;4.17.4&#8243; _module_preset=&#8221;default&#8221; background_image=&#8221;https:\/\/nexointeriores.com\/wp-content\/uploads\/2022\/06\/IMAGEN-33-NEXO-PORTUGAL-1905X600.jpg&#8221; width=&#8221;99.6%&#8221; max_width=&#8221;2560px&#8221; min_height=&#8221;191.4px&#8221; custom_margin=&#8221;-3px|-106px|-1px|2px|false|false&#8221; custom_padding=&#8221;125px|1px|102px|260px|false|false&#8221; global_colors_info=&#8221;{}&#8221;][et_pb_column type=&#8221;4_4&#8243; _builder_version=&#8221;4.17.4&#8243; _module_preset=&#8221;default&#8221; global_colors_info=&#8221;{}&#8221;][\/et_pb_column][\/et_pb_row][\/et_pb_section][et_pb_section fb_built=&#8221;1&#8243; _builder_version=&#8221;4.17.4&#8243; _module_preset=&#8221;default&#8221; custom_padding=&#8221;2px||0px|||&#8221; global_colors_info=&#8221;{}&#8221;][et_pb_row _builder_version=&#8221;4.17.4&#8243; _module_preset=&#8221;default&#8221; global_colors_info=&#8221;{}&#8221;][et_pb_column type=&#8221;4_4&#8243; _builder_version=&#8221;4.17.4&#8243; _module_preset=&#8221;default&#8221; global_colors_info=&#8221;{}&#8221;][et_pb_text _builder_version=&#8221;4.19.5&#8243; _module_preset=&#8221;default&#8221; text_font=&#8221;ReenieBeanie||||||||&#8221; text_font_size=&#8221;46px&#8221; text_orientation=&#8221;center&#8221; custom_margin=&#8221;||||false|false&#8221; custom_padding=&#8221;5px||10px||false|false&#8221; hover_enabled=&#8221;0&#8243; text_font_size_tablet=&#8221;46px&#8221; text_font_size_phone=&#8221;27px&#8221; text_font_size_last_edited=&#8221;on|phone&#8221; global_colors_info=&#8221;{}&#8221; sticky_enabled=&#8221;0&#8243;]<\/p>\n<p>&#8220;Nous faisons de vos projets une r\u00e9alit\u00e9&#8221;.<\/p>\n<p>[\/et_pb_text][et_pb_text _builder_version=&#8221;4.19.5&#8243; _module_preset=&#8221;default&#8221; text_font_size=&#8221;62px&#8221; background_color=&#8221;RGBA(255,255,255,0)&#8221; text_orientation=&#8221;center&#8221; width_tablet=&#8221;&#8221; width_phone=&#8221;100%&#8221; width_last_edited=&#8221;on|phone&#8221; min_height=&#8221;10.8px&#8221; custom_margin=&#8221;||27px||false|false&#8221; custom_margin_tablet=&#8221;||27px||false|false&#8221; custom_margin_phone=&#8221;||9px||false|false&#8221; custom_margin_last_edited=&#8221;on|phone&#8221; custom_padding=&#8221;||28px||false|false&#8221; custom_padding_tablet=&#8221;||28px||false|false&#8221; custom_padding_phone=&#8221;||19px||false|false&#8221; custom_padding_last_edited=&#8221;on|phone&#8221; hover_enabled=&#8221;0&#8243; text_font_size_tablet=&#8221;62px&#8221; text_font_size_phone=&#8221;27px&#8221; text_font_size_last_edited=&#8221;on|phone&#8221; header_font_size_tablet=&#8221;&#8221; header_font_size_phone=&#8221;1px&#8221; header_font_size_last_edited=&#8221;on|phone&#8221; global_colors_info=&#8221;{}&#8221; sticky_enabled=&#8221;0&#8243;]<\/p>\n<h1 style=\"font-size:42px ;\">Bienvenue \u00e0 Nexo Pro!<\/h1>\n<p>[\/et_pb_text][et_pb_text admin_label=&#8221;Texto&#8221; _builder_version=&#8221;4.19.5&#8243; _module_preset=&#8221;default&#8221; text_text_color=&#8221;#E02B20&#8243; text_font_size=&#8221;1px&#8221; text_line_height=&#8221;1em&#8221; header_2_text_align=&#8221;center&#8221; header_2_font_size=&#8221;33px&#8221; header_4_font_size=&#8221;11px&#8221; width=&#8221;40%&#8221; max_width=&#8221;50%&#8221; module_alignment=&#8221;center&#8221; custom_padding=&#8221;5px||5px||false|false&#8221; hover_enabled=&#8221;0&#8243; global_colors_info=&#8221;{}&#8221; content_last_edited=&#8221;on|phone&#8221; sticky_enabled=&#8221;0&#8243; max_width_last_edited=&#8221;on|phone&#8221; width_last_edited=&#8221;on|phone&#8221; width_phone=&#8221;100%&#8221; max_width_phone=&#8221;100%&#8221; content_tablet=&#8221;<\/p>\n<h5 style=%22text-align: center;%22>Vous travaillez dans le monde de la d\u00e9co ? <\/br>Vous avez besoin de volumes importants et id\u00e9alement du sur-mesure ? <\/br>Nexo PRO offre des solutions 100% personnalisables, \u00e9conomiques et faciles \u00e0 r\u00e9aliser.<\/h5>\n<p>&#8221; content_phone=&#8221;<\/p>\n<h5 style=%22text-align: center;%22>Vous travaillez dans le monde de la d\u00e9co ? <\/br>Vous avez besoin de volumes importants et id\u00e9alement du sur-mesure ? <\/br>Nexo PRO offre des solutions 100% personnalisables, \u00e9conomiques et faciles \u00e0 r\u00e9aliser.<\/h5>\n<p>&#8221; max_width_tablet=&#8221;50%&#8221; width_tablet=&#8221;40%&#8221;]<\/p>\n<h5 style=\"text-align: center;\">Vous travaillez dans le monde de la d\u00e9co ? <\/br>Vous avez besoin de volumes importants et id\u00e9alement du sur-mesure ? <\/br>Nexo PRO offre des solutions 100% personnalisables, \u00e9conomiques et faciles \u00e0 r\u00e9aliser.<\/h5>\n<p>[\/et_pb_text][et_pb_text _builder_version=&#8221;4.19.5&#8243; _module_preset=&#8221;default&#8221; text_text_color=&#8221;#E02B20&#8243; text_font_size=&#8221;1px&#8221; text_line_height=&#8221;1em&#8221; header_2_text_align=&#8221;center&#8221; header_2_font_size=&#8221;33px&#8221; header_4_font_size=&#8221;11px&#8221; width=&#8221;40%&#8221; max_width=&#8221;100%&#8221; module_alignment=&#8221;center&#8221; custom_padding=&#8221;|7%||7%|false|false&#8221; hover_enabled=&#8221;0&#8243; global_colors_info=&#8221;{}&#8221; width_last_edited=&#8221;on|tablet&#8221; width_phone=&#8221;100%&#8221; sticky_enabled=&#8221;0&#8243; width_tablet=&#8221;40%&#8221;]<\/p>\n<ul>\n<li>\n<h5>&#8211; Remises exclusives sur demande<\/h5>\n<\/li>\n<li>\n<h5>&#8211; Dimensions sur mesure<\/h5>\n<\/li>\n<li>\n<h5>&#8211; Service de design personnalis\u00e9<\/h5>\n<\/li>\n<\/ul>\n<p>[\/et_pb_text][\/et_pb_column][\/et_pb_row][\/et_pb_section][et_pb_section fb_built=&#8221;1&#8243; _builder_version=&#8221;4.19.5&#8243; _module_preset=&#8221;default&#8221; background_enable_image=&#8221;off&#8221; background_size=&#8221;stretch&#8221; min_height=&#8221;407.2px&#8221; custom_margin=&#8221;||0px||false|false&#8221; custom_padding=&#8221;35px||0px||false|false&#8221; global_colors_info=&#8221;{}&#8221;][et_pb_row _builder_version=&#8221;4.19.5&#8243; _module_preset=&#8221;default&#8221; custom_margin=&#8221;-99px|auto||auto||&#8221; custom_padding=&#8221;12px||12px||false|false&#8221; global_colors_info=&#8221;{}&#8221;][et_pb_column type=&#8221;4_4&#8243; _builder_version=&#8221;4.17.4&#8243; _module_preset=&#8221;default&#8221; global_colors_info=&#8221;{}&#8221;][et_pb_text _builder_version=&#8221;4.19.5&#8243; _module_preset=&#8221;default&#8221; text_font=&#8221;ReenieBeanie||||||||&#8221; text_font_size=&#8221;46px&#8221; text_orientation=&#8221;center&#8221; custom_margin=&#8221;12px||||false|false&#8221; custom_padding=&#8221;0px||0px||false|false&#8221; text_font_size_tablet=&#8221;46px&#8221; text_font_size_phone=&#8221;27px&#8221; text_font_size_last_edited=&#8221;on|phone&#8221; global_colors_info=&#8221;{}&#8221;]<\/p>\n<h2 style=\"font-family: 'poppins'; text-align: center;\"><strong>Cr\u00e9er un nouvel utilisateur<\/strong><\/h2>\n<p>[\/et_pb_text][\/et_pb_column][\/et_pb_row][et_pb_row custom_padding_last_edited=&#8221;on|phone&#8221; _builder_version=&#8221;4.19.5&#8243; _module_preset=&#8221;default&#8221; width=&#8221;88.9%&#8221; custom_margin_tablet=&#8221;&#8221; custom_margin_phone=&#8221;|71px||22px|false|false&#8221; custom_margin_last_edited=&#8221;on|phone&#8221; custom_padding=&#8221;0px|10px||3px|false|false&#8221; custom_padding_tablet=&#8221;|10px||3px|false|false&#8221; custom_padding_phone=&#8221;|0px||0px|false|false&#8221; global_colors_info=&#8221;{}&#8221;][et_pb_column type=&#8221;4_4&#8243; _builder_version=&#8221;4.17.4&#8243; _module_preset=&#8221;default&#8221; global_colors_info=&#8221;{}&#8221;][et_pb_code disabled_on=&#8221;off|off|off&#8221; _builder_version=&#8221;4.19.5&#8243; _module_preset=&#8221;default&#8221; width=&#8221;99.1%&#8221; custom_margin=&#8221;|-69px||-3px||&#8221; custom_margin_tablet=&#8221;|-69px||-3px||&#8221; custom_margin_phone=&#8221;|-5px||-3px|false|false&#8221; custom_margin_last_edited=&#8221;on|phone&#8221; custom_padding=&#8221;|0px||5px||&#8221; global_colors_info=&#8221;{}&#8221;]\t<div class='user-registration ur-frontend-form ur-frontend-form--bordered ' id='user-registration-form-48797'>\n\t\t\t\t\t<form method='post' class='register' data-form-id=\"48797\"\n\t\t\t\tdata-enable-strength-password=\"1\" data-minimum-password-strength=\"3\"  \"enctype=multipart\/form-data\" \"enctype=multipart\/form-data\" data-captcha-enabled=\"1\">\n\n\t\t\t\t\t\t\t\t\t\t\t<div class='ur-form-row'>\n\t\t\t\t\t\t\t\t\t\t\t\t\t\t\t\t\t\t<div class=\"ur-form-grid ur-grid-1\"\n\t\t\t\t\t\t\t\t\t\t\t\tstyle=\"width:48%\">\n\t\t\t\t\t\t\t\t\t\t\t\t\t\t\t\t\t\t\t\t\t\t\t\t\t\t<div  data-field-id=\"user_email\" class=\"ur-field-item field-user_email campos_form_register\">\n\t\t\t\t\t\t\t\t\t\t\t\t\t\t<div class=\"form-row validate-required\" id=\"user_email_field\" data-priority=\"\" ><label for=\"user_email\" class=\"ur-label\">Adresse \u00e9lectronique * <abbr class=\"required\" title=\"required\">*<\/abbr><\/label> <span class=\"input-wrapper\"> <input data-rules=\"\" data-id=\"user_email\" type=\"email\" class=\"input-text without_icon input-email ur-frontend-field \" name=\"user_email\" id=\"user_email\" placeholder=\"\"  value=\"\" required=\"required\" data-label=\"Adresse \u00e9lectronique *\" \/> <\/span> <\/div>\t\t\t\t\t\t\t\t\t\t\t\t\t\t\t\t<\/div>\n\t\t\t\t\t\t\t\t\t\t\t\t\t\t\t\t\t\t\t\t\t\t\t\t\t\t\t\t\t\t<div  data-field-id=\"user_pass\" class=\"ur-field-item field-user_pass campos_form_register\">\n\t\t\t\t\t\t\t\t\t\t\t\t\t\t<div class=\"form-row validate-required hide_show_password\" id=\"user_pass_field\" data-priority=\"\"><label for=\"user_pass\" class=\"ur-label\">Password <abbr class=\"required\" title=\"required\">*<\/abbr><\/label> <span class=\"input-wrapper\"> <span class=\"password-input-group input-form-field-icons\"><input data-rules=\"\" data-id=\"user_pass\" type=\"password\" class=\"input-text without_icon input-password ur-frontend-field \" name=\"user_pass\" id=\"user_pass\" placeholder=\"\"  value=\"\" required=\"required\" data-label=\"Password\" \/><\/span> <\/span> <\/div>\t\t\t\t\t\t\t\t\t\t\t\t\t\t\t\t<\/div>\n\t\t\t\t\t\t\t\t\t\t\t\t\t\t\t\t\t\t\t\t\t\t\t\t\t\t\t\t\t\t<div  data-field-id=\"first_name\" class=\"ur-field-item field-first_name campos_form_register\">\n\t\t\t\t\t\t\t\t\t\t\t\t\t\t<div class=\"form-row \" id=\"first_name_field\" data-priority=\"\" ><label for=\"first_name\" class=\"ur-label\">Pr\u00e9nom<\/label> <span class=\"input-wrapper\"> <input data-rules=\"\" data-id=\"first_name\" type=\"text\" class=\"input-text without_icon input-text ur-frontend-field \" name=\"first_name\" id=\"first_name\" placeholder=\"\"  value=\"\" data-label=\"Pr\u00e9nom\" \/> <\/span> <\/div>\t\t\t\t\t\t\t\t\t\t\t\t\t\t\t\t<\/div>\n\t\t\t\t\t\t\t\t\t\t\t\t\t\t\t\t\t\t\t\t\t\t\t\t\t\t\t\t\t\t<div  data-field-id=\"billing_last_name\" class=\"ur-field-item field-billing_last_name campos_form_register\">\n\t\t\t\t\t\t\t\t\t\t\t\t\t\t<div class=\"form-row \" id=\"billing_last_name_field\" data-priority=\"\" ><label for=\"billing_last_name\" class=\"ur-label\">Nom de famille<\/label> <span class=\"input-wrapper\"> <input data-rules=\"\" data-id=\"billing_last_name\" type=\"text\" class=\"input-text without_icon input-text ur-frontend-field \" name=\"billing_last_name\" id=\"billing_last_name\" placeholder=\"\"  value=\"\" data-label=\"Nom de famille\" \/> <\/span> <\/div>\t\t\t\t\t\t\t\t\t\t\t\t\t\t\t\t<\/div>\n\t\t\t\t\t\t\t\t\t\t\t\t\t\t\t\t\t\t\t\t\t\t\t\t\t\t\t\t\t\t<div  data-field-id=\"billing_postcode\" class=\"ur-field-item field-billing_postcode campos_form_register\">\n\t\t\t\t\t\t\t\t\t\t\t\t\t\t<div class=\"form-row validate-required\" id=\"billing_postcode_field\" data-priority=\"\" ><label for=\"billing_postcode\" class=\"ur-label\">Zip\/Code postal <abbr class=\"required\" title=\"required\">*<\/abbr><\/label> <span class=\"input-wrapper\"> <input data-rules=\"\" data-id=\"billing_postcode\" type=\"text\" class=\"input-text without_icon input-text ur-frontend-field \" name=\"billing_postcode\" id=\"billing_postcode\" placeholder=\"\"  value=\"\" required=\"required\" data-label=\"Zip\/Code postal\" \/> <\/span> <\/div>\t\t\t\t\t\t\t\t\t\t\t\t\t\t\t\t<\/div>\n\t\t\t\t\t\t\t\t\t\t\t\t\t\t\t\t\t\t\t\t\t\t\t\t\t\t\t\t\t\t<div  data-field-id=\"billing_phone\" class=\"ur-field-item field-billing_phone campos_form_register\">\n\t\t\t\t\t\t\t\t\t\t\t\t\t\t<div class=\"form-row \" id=\"billing_phone_field\" data-priority=\"\" ><label for=\"billing_phone\" class=\"ur-label\">T\u00e9l\u00e9phone<\/label> <span class=\"input-wrapper\"> <input data-rules=\"\" data-id=\"billing_phone\" type=\"text\" class=\"input-text without_icon input-text ur-frontend-field \" name=\"billing_phone\" id=\"billing_phone\" placeholder=\"\"  value=\"\" data-label=\"T\u00e9l\u00e9phone\" \/> <\/span> <\/div>\t\t\t\t\t\t\t\t\t\t\t\t\t\t\t\t<\/div>\n\t\t\t\t\t\t\t\t\t\t\t\t\t\t\t\t\t\t\t\t\t\t\t\t\t\t\t\t\t\t<div  data-field-id=\"dni\" class=\"ur-field-item field-text campos_form_register\">\n\t\t\t\t\t\t\t\t\t\t\t\t\t\t<div class=\"form-row \" id=\"dni_field\" data-priority=\"\" ><label for=\"dni\" class=\"ur-label\">CNI\/SIREN\/SIRET<\/label> <span class=\"input-wrapper\"> <input data-rules=\"\" data-id=\"dni\" type=\"text\" class=\"input-text without_icon input-text ur-frontend-field \" name=\"dni\" id=\"dni\" placeholder=\"\"  value=\"\" data-label=\"CNI\/SIREN\/SIRET\" maxlength=\"50\" \/> <\/span> <\/div>\t\t\t\t\t\t\t\t\t\t\t\t\t\t\t\t<\/div>\n\t\t\t\t\t\t\t\t\t\t\t\t\t\t\t\t\t\t\t\t\t\t\t\t\t\t\t\t\t\t<div  data-field-id=\"textarea_form_register\" class=\"ur-field-item field-textarea campos_form_register\">\n\t\t\t\t\t\t\t\t\t\t\t\t\t\t<div class=\"form-row \" id=\"textarea_form_register_field\" data-priority=\"\" ><textarea data-rules=\"\" data-id=\"textarea_form_register\" name=\"textarea_form_register\" class=\"input-text ur-frontend-field \" id=\"textarea_form_register\" placeholder=\"D\u00e9crivez votre demande\"  rows=\"2\" cols=\"5\"data-label=\"Textarea\"><\/textarea><\/div>\t\t\t\t\t\t\t\t\t\t\t\t\t\t\t\t<\/div>\n\t\t\t\t\t\t\t\t\t\t\t\t\t\t\t\t\t\t\t\t\t\t\t\t\t<\/div>\n\t\t\t\t\t\t\t\t\t\t\t\t\t\t\t\t\t\t\t\t\t<div class=\"ur-form-grid ur-grid-2\"\n\t\t\t\t\t\t\t\t\t\t\t\tstyle=\"width:48%\">\n\t\t\t\t\t\t\t\t\t\t\t\t\t\t\t\t\t\t\t\t\t\t\t\t\t\t<div  data-field-id=\"billing_address_1\" class=\"ur-field-item field-billing_address_1 campos_form_register\">\n\t\t\t\t\t\t\t\t\t\t\t\t\t\t<div class=\"form-row validate-required\" id=\"billing_address_1_field\" data-priority=\"\" ><label for=\"billing_address_1\" class=\"ur-label\">Adresse <abbr class=\"required\" title=\"required\">*<\/abbr><\/label> <span class=\"input-wrapper\"> <input data-rules=\"\" data-id=\"billing_address_1\" type=\"text\" class=\"input-text without_icon input-text ur-frontend-field \" name=\"billing_address_1\" id=\"billing_address_1\" placeholder=\"\"  value=\"\" required=\"required\" data-label=\"Adresse\" \/> <\/span> <\/div>\t\t\t\t\t\t\t\t\t\t\t\t\t\t\t\t<\/div>\n\t\t\t\t\t\t\t\t\t\t\t\t\t\t\t\t\t\t\t\t\t\t\t\t\t\t\t\t\t\t<div  data-field-id=\"billing_address_2\" class=\"ur-field-item field-billing_address_2 campos_form_register\">\n\t\t\t\t\t\t\t\t\t\t\t\t\t\t<div class=\"form-row \" id=\"billing_address_2_field\" data-priority=\"\" ><label for=\"billing_address_2\" class=\"ur-label\">Deuxi\u00e8me ligne de l'adresse<\/label> <span class=\"input-wrapper\"> <input data-rules=\"\" data-id=\"billing_address_2\" type=\"text\" class=\"input-text without_icon input-text ur-frontend-field \" name=\"billing_address_2\" id=\"billing_address_2\" placeholder=\"\"  value=\"\" data-label=\"Deuxi\u00e8me ligne de l&#039;adresse\" \/> <\/span> <\/div>\t\t\t\t\t\t\t\t\t\t\t\t\t\t\t\t<\/div>\n\t\t\t\t\t\t\t\t\t\t\t\t\t\t\t\t\t\t\t\t\t\t\t\t\t\t\t\t\t\t<div  data-field-id=\"billing_city\" class=\"ur-field-item field-billing_city campos_form_register\">\n\t\t\t\t\t\t\t\t\t\t\t\t\t\t<div class=\"form-row validate-required\" id=\"billing_city_field\" data-priority=\"\" ><label for=\"billing_city\" class=\"ur-label\">Ville <abbr class=\"required\" title=\"required\">*<\/abbr><\/label> <span class=\"input-wrapper\"> <input data-rules=\"\" data-id=\"billing_city\" type=\"text\" class=\"input-text without_icon input-text ur-frontend-field \" name=\"billing_city\" id=\"billing_city\" placeholder=\"\"  value=\"\" required=\"required\" data-label=\"Ville\" \/> <\/span> <\/div>\t\t\t\t\t\t\t\t\t\t\t\t\t\t\t\t<\/div>\n\t\t\t\t\t\t\t\t\t\t\t\t\t\t\t\t\t\t\t\t\t\t\t\t\t\t\t\t\t\t<div  data-field-id=\"billing_country\" class=\"ur-field-item field-billing_country campos_form_register\">\n\t\t\t\t\t\t\t\t\t\t\t\t\t\t<div class=\"form-row validate-required\" id=\"billing_country_field\" data-priority=\"\" ><label for=\"billing_country\" class=\"ur-label\">Pays <abbr class=\"required\" title=\"required\">*<\/abbr><\/label><select data-rules=\"\" data-id=\"billing_country\" name=\"billing_country\" id=\"billing_country\" class=\"select ur-frontend-field \" required=\"required\" data-label=\"Pays\" data-allow_clear=\"true\" data-placeholder=\"\">\n\t\t\t\t\t\t\t<option value=\"FR\"  selected='selected'>France<\/option><option value=\"ES\" >Spain<\/option>\n\t\t\t\t\t\t<\/select><\/div>\t\t\t\t\t\t\t\t\t\t\t\t\t\t\t\t<\/div>\n\t\t\t\t\t\t\t\t\t\t\t\t\t\t\t\t\t\t\t\t\t\t\t\t\t\t\t\t\t\t<div  data-field-id=\"billing_state\" class=\"ur-field-item field-billing_state campos_form_register\">\n\t\t\t\t\t\t\t\t\t\t\t\t\t\t<div class=\"form-row \" id=\"billing_state_field\" data-priority=\"\" ><label for=\"billing_state\" class=\"ur-label\">\u00c9tat\/R\u00e9gion<\/label> <span class=\"input-wrapper\"> <input data-rules=\"\" data-id=\"billing_state\" type=\"text\" class=\"input-text without_icon input-text ur-frontend-field \" name=\"billing_state\" id=\"billing_state\" placeholder=\"\"  value=\"\" data-label=\"\u00c9tat\/R\u00e9gion\" \/> <\/span> <\/div>\t\t\t\t\t\t\t\t\t\t\t\t\t\t\t\t<\/div>\n\t\t\t\t\t\t\t\t\t\t\t\t\t\t\t\t\t\t\t\t\t\t\t\t\t\t\t\t\t\t<div  data-field-id=\"phone_number\" class=\"ur-field-item field-phone campos_form_register\">\n\t\t\t\t\t\t\t\t\t\t\t\t\t\t<p class=\"form-row \" id=\"phone_number\" data-priority=\"\"><label for=\"Num\u00e9ro de t\u00e9l\u00e9phone mobile\" class=\"ur-label\">Num\u00e9ro de t\u00e9l\u00e9phone mobile<\/label> <input data-rules=\"\" data-inputmask=\"'mask':'999 999 999'\" data-id=\"phone_number\" type=\"text\" value=\"\" class=\" ur-frontend-field ur-masked-input\" name=\"phone_number\" id=\"phone_number\" data-label=\"Num\u00e9ro de t\u00e9l\u00e9phone mobile\"\/> \t\t\t\t\t\t\t\t\t\t\t\t\t\t\t\t<\/div>\n\t\t\t\t\t\t\t\t\t\t\t\t\t\t\t\t\t\t\t\t\t\t\t\t\t\t\t\t\t\t<div  data-field-id=\"billing_company\" class=\"ur-field-item field-billing_company campos_form_register\">\n\t\t\t\t\t\t\t\t\t\t\t\t\t\t<div class=\"form-row \" id=\"billing_company_field\" data-priority=\"\" ><label for=\"billing_company\" class=\"ur-label\">Nom de la soci\u00e9t\u00e9<\/label> <span class=\"input-wrapper\"> <input data-rules=\"\" data-id=\"billing_company\" type=\"text\" class=\"input-text without_icon input-text ur-frontend-field \" name=\"billing_company\" id=\"billing_company\" placeholder=\"\"  value=\"\" data-label=\"Nom de la soci\u00e9t\u00e9\" \/> <\/span> <\/div>\t\t\t\t\t\t\t\t\t\t\t\t\t\t\t\t<\/div>\n\t\t\t\t\t\t\t\t\t\t\t\t\t\t\t\t\t\t\t\t\t\t\t\t\t\t\t\t\t\t<div  data-field-id=\"privacy_policy\" class=\"ur-field-item field-privacy_policy \">\n\t\t\t\t\t\t\t\t\t\t\t\t\t\t<div class=\"form-row validate-required\" id=\"privacy_policy_field\" data-priority=\"\" ><label class=\"ur-label checkbox\" required=\"required\" data-label=\"Je suis d&#039;accord avec la politique de confidentialit\u00e9\">\n\t\t\t\t\t\t\t<input data-rules=\"\" data-id=\"privacy_policy\" required=\"required\" data-label=\"Je suis d&#039;accord avec la politique de confidentialit\u00e9\" data-value=\"\" type=\"checkbox\" class=\"input-checkbox ur-frontend-field \" name=\"privacy_policy\" id=\"privacy_policy\" value=\"1\"  \/> Je suis d'accord avec la politique de confidentialit\u00e9 <abbr class=\"required\" title=\"required\">*<\/abbr><\/label><\/div>\t\t\t\t\t\t\t\t\t\t\t\t\t\t\t\t<\/div>\n\t\t\t\t\t\t\t\t\t\t\t\t\t\t\t\t\t\t\t\t\t\t\t\t\t<\/div>\n\t\t\t\t\t\t\t\t\t\t\t\t\t\t\t\t\t<\/div>\n\t\t\t\t\t\t\t\t\t\t\t\t<div class='ur-form-row'>\n\t\t\t\t\t\t\t\t\t\t\t\t\t\t\t\t\t\t<div class=\"ur-form-grid ur-grid-1\"\n\t\t\t\t\t\t\t\t\t\t\t\tstyle=\"width:99%\">\n\t\t\t\t\t\t\t\t\t\t\t\t\t\t\t\t\t\t\t\t\t\t\t\t\t\t<div  data-field-id=\"file_form_register\" class=\"ur-field-item field-file \">\n\t\t\t\t\t\t\t\t\t\t\t\t\t\t\t\t<div class=\"urfu-file-upload\" data-id=\"file_form_register\">\n\t\t\t<div class=\"form-row \" id=\"file_form_register_field\" data-priority=\"\">\n\t\t\t\t<label for=\"file_form_register\" class=\"ur-label\">Joindre un document\t\t\t\t\t\t\t\t<\/label>\n\t\t\t\t\t\t<div class=\"dropzone dz-clickable\" id=\"ur_file_form_register\" data-id=\"file_form_register\">\n\t\t\t<div class=\"dz-message \">\n\t\t\t\t<svg xmlns=\"http:\/\/www.w3.org\/2000\/svg\" viewBox=\"0 0 32 32\" width=\"32px\" height=\"32px\" fill=\"#868e96\"><path class=\"cls-1\" d=\"M18.12,17.52,17,16.4V25a1,1,0,0,1-2,0V16.4l-1.12,1.12a1,1,0,0,1-1.42,0,1,1,0,0,1,0-1.41l2.83-2.83a1,1,0,0,1,1.42,0l2.83,2.83a1,1,0,0,1-.71,1.7A1,1,0,0,1,18.12,17.52ZM22,22H20a1,1,0,0,1,0-2h2a4,4,0,0,0,.27-8,1,1,0,0,1-.84-.57,6,6,0,0,0-11.36,1.69,1,1,0,0,1-1,.86H9A3,3,0,0,0,9,20h3a1,1,0,0,1,0,2H9a5,5,0,0,1-.75-9.94A8,8,0,0,1,23,10.1,6,6,0,0,1,22,22Z\"><\/path><\/svg>\n\t\t\t\t<span class=\"user-registration-file-upload-title\">\n\t\t\t\t\tD\u00e9posez votre fichier ici ou cliquez ici pour le t\u00e9l\u00e9charger\t\t\t\t<\/span>\n\t\t\t\t<span class=\"user-registration-file-upload-hint\">\n\t\t\t\t\tVous pouvez t\u00e9l\u00e9charger jusqu&#039;\u00e0 2 fichiers.\t\t\t\t<\/span>\n\t\t\t<\/div>\n\t\t\t<span class=\"urfu-upload-node\" style=\"height: 0;width: 0;margin: 0;padding: 0;float: left;border: 0;overflow: hidden;\">\n\t\t\t\t<input type=\"file\" multiple>\n\t\t\t\t<input data-rules=\"\" type=\"text\" class=\"urfu-file-input dropzone-input input-text ur-frontend-field  \" name=\"file_form_register\" id=\"file_form_register\" placeholder=\"\"  value=\"\" data-label=&quot;Joindre un document&quot; data-max-file-number=\"2\" data-max-file-limit=\"2\" data-max-upload-size-limit=\"2048\" data-valid-file-type=\"application\/pdf, application\/msword, application\/vnd.openxmlformats-officedocument.wordprocessingml.document, image\/jpeg, image\/gif, image\/png, audio\/mpeg3, audio\/x-mpeg-3, video\/mpeg, video\/x-mpeg, .mp3, video\/mp4, text\/csv, application\/vnd.ms-powerpoint, application\/vnd.ms-excel, application\/vnd.openxmlformats-officedocument.spreadsheetml.sheet\" \/>\t\t\t<\/span>\n\t\t\t\t\t<\/div>\n\t\t\t\t\t<\/div>\n\t\t<\/div>\n\n\t\t\t\t\t\t\t\t\t\t\t\t\t\t\t\t\t\t<\/div>\n\t\t\t\t\t\t\t\t\t\t\t\t\t\t\t\t\t\t\t\t\t\t\t\t\t<\/div>\n\t\t\t\t\t\t\t\t\t\t\t\t\t\t\t\t\t<\/div>\n\t\t\t\t\t\t\t\t\t\t\t<div id=\"ur-recaptcha-node\"> <div id=\"node_recaptcha_register\" class=\"g-recaptcha\"><\/div><\/div>\t\t\t\t\t\t<div class=\"ur-button-container \" >\n\t\t\t\t\t\t\t\t\t\t\t\t\t\t<button type=\"submit\" class=\"btn button ur-submit-button btn_form_register\" conditional_rules=\"&quot;&quot;\">\n\t\t\t\t\t\t\t\t<span><\/span>\n\t\t\t\t\t\t\t\tEnvoyer\t\t\t\t\t\t\t<\/button>\n\t\t\t\t\t\t\t\t\t\t\t\t\t\t\t\t\t\t\t\t<\/div>\n\t\t\t\t\t\t\n\t\t\t\t<div style=\"clear:both\"><\/div>\n\t\t\t\t\t\t\t\t<input type=\"hidden\" name=\"ur-user-form-id\" value=\"48797\"\/>\n\t\t\t\t<input type=\"hidden\" name=\"ur-redirect-url\" value=\"\"\/>\n\t\t\t\t<input type=\"hidden\" id=\"ur_frontend_form_nonce\" name=\"ur_frontend_form_nonce\" value=\"7a39a5477b\" \/>\n\t\t\t\t\t\t\t<\/form>\n\t\t\t\n\t\t<div style=\"clear:both\"><\/div>\n\t<\/div>\n[\/et_pb_code][\/et_pb_column][\/et_pb_row][\/et_pb_section]<\/p>\n","protected":false},"excerpt":{"rendered":"<p>&#8220;Nous faisons de vos projets une r\u00e9alit\u00e9&#8221;.Bienvenue \u00e0 Nexo Pro!Vous travaillez dans le monde de la d\u00e9co ? Vous avez besoin de volumes importants et id\u00e9alement du sur-mesure ? Nexo PRO offre des solutions 100% personnalisables, \u00e9conomiques et faciles \u00e0 r\u00e9aliser. &#8211; Remises exclusives sur demande &#8211; Dimensions sur mesure &#8211; Service de design personnalis\u00e9 [&hellip;]<\/p>\n","protected":false},"author":1,"featured_media":0,"parent":0,"menu_order":0,"comment_status":"closed","ping_status":"closed","template":"","meta":{"_et_pb_use_builder":"on","_et_pb_old_content":"","_et_gb_content_width":"","footnotes":""},"class_list":["post-32704","page","type-page","status-publish","hentry"],"_links":{"self":[{"href":"https:\/\/nexointeriores.com\/fr\/wp-json\/wp\/v2\/pages\/32704","targetHints":{"allow":["GET"]}}],"collection":[{"href":"https:\/\/nexointeriores.com\/fr\/wp-json\/wp\/v2\/pages"}],"about":[{"href":"https:\/\/nexointeriores.com\/fr\/wp-json\/wp\/v2\/types\/page"}],"author":[{"embeddable":true,"href":"https:\/\/nexointeriores.com\/fr\/wp-json\/wp\/v2\/users\/1"}],"replies":[{"embeddable":true,"href":"https:\/\/nexointeriores.com\/fr\/wp-json\/wp\/v2\/comments?post=32704"}],"version-history":[{"count":0,"href":"https:\/\/nexointeriores.com\/fr\/wp-json\/wp\/v2\/pages\/32704\/revisions"}],"wp:attachment":[{"href":"https:\/\/nexointeriores.com\/fr\/wp-json\/wp\/v2\/media?parent=32704"}],"curies":[{"name":"wp","href":"https:\/\/api.w.org\/{rel}","templated":true}]}}