{"id":32290,"date":"2022-06-30T11:58:55","date_gmt":"2022-06-30T09:58:55","guid":{"rendered":"https:\/\/nexointeriores.com\/faqs\/"},"modified":"2025-02-07T14:00:16","modified_gmt":"2025-02-07T13:00:16","slug":"faqs","status":"publish","type":"page","link":"https:\/\/nexointeriores.com\/fr\/faqs\/","title":{"rendered":"FAQs"},"content":{"rendered":"<p>[et_pb_section fb_built=&#8221;1&#8243; _builder_version=&#8221;4.17.4&#8243; _module_preset=&#8221;default&#8221; background_color=&#8221;rgba(231,223,210,0.61)&#8221; background_enable_image=&#8221;off&#8221; background_size=&#8221;stretch&#8221; min_height=&#8221;531.2px&#8221; custom_margin=&#8221;||-4px|||&#8221; custom_padding=&#8221;3px||5px||false|false&#8221; global_colors_info=&#8221;{}&#8221;][et_pb_row _builder_version=&#8221;4.17.4&#8243; _module_preset=&#8221;default&#8221; background_enable_image=&#8221;off&#8221; background_size=&#8221;stretch&#8221; width=&#8221;99.6%&#8221; max_width=&#8221;2560px&#8221; min_height=&#8221;142.4px&#8221; custom_margin=&#8221;-3px|-106px|-1px|2px|false|false&#8221; custom_padding=&#8221;56px|1px|0px||false|false&#8221; global_colors_info=&#8221;{}&#8221;][et_pb_column type=&#8221;4_4&#8243; _builder_version=&#8221;4.17.4&#8243; _module_preset=&#8221;default&#8221; global_colors_info=&#8221;{}&#8221;][et_pb_text _builder_version=&#8221;4.17.4&#8243; _module_preset=&#8221;default&#8221; text_font_size=&#8221;62px&#8221; text_orientation=&#8221;center&#8221; custom_margin=&#8221;27px|||||&#8221; global_colors_info=&#8221;{}&#8221;]FAQs[\/et_pb_text][\/et_pb_column][\/et_pb_row][et_pb_row _builder_version=&#8221;4.17.4&#8243; _module_preset=&#8221;default&#8221; custom_padding=&#8221;33px|||||&#8221; global_colors_info=&#8221;{}&#8221;][et_pb_column type=&#8221;4_4&#8243; _builder_version=&#8221;4.17.4&#8243; _module_preset=&#8221;default&#8221; global_colors_info=&#8221;{}&#8221;][et_pb_text _builder_version=&#8221;4.17.4&#8243; _module_preset=&#8221;default&#8221; global_colors_info=&#8221;{}&#8221;]<\/p>\n<h2><b>Envois:<\/b><\/h2>\n<p>&nbsp;<\/p>\n<h5><b>Y a-t-il des frais d&#8217;exp\u00e9dition en France ?<\/b><\/h5>\n<p>Livraison gratuite en France continentale pour les commandes sup\u00e9rieures \u00e0 250 \u20ac. Pour les commandes inf\u00e9rieures \u00e0 100\u20ac, les frais de port sont \u00e0 partir de 30\u20ac. Les envois en France sont uniquement sur le territoire m\u00e9tropolitain. Nous ne desservons pas les r\u00e9gions d&#8217;outre mer. Pour un envoi en Espagne p\u00e9ninsule, les commandes sup\u00e9rieures \u00e0 50\u20ac b\u00e9neficient des frais de port offerts, tandis que les Iles Bal\u00e9ares et les Iles Canaries b\u00e9n\u00e9ficient des frais de ports gratuits pour une commande minimale de 100\u20ac. Pour davantage de renseignements \u00e0 propos des conditions d&#8217;envoi en France, ou dans un autres pays, contactez nous \u00e0 l&#8217;adresse suivante: atencionalcliente@nexointeriores.com<\/p>\n<p>&nbsp;<\/p>\n<h5><b>Qui est responsable des droits et frais de douane ?<\/b><\/h5>\n<p>Frais de douane (taxes et d\u00e9douanement): pas de frais de douanes pour les envois en France. Pour les destinations g\u00e9n\u00e9rant des frais de douane, les montants des formalit\u00e9s douani\u00e8res pour les taxes sur les marchandises g\u00e9n\u00e9r\u00e9es en douane sont toujours \u00e0 la charge du destinataire.<\/p>\n<p>&nbsp;<\/p>\n<h5><b>Exp\u00e9diez-vous \u00e0 l&#8217;\u00e9tranger ?<\/b><\/h5>\n<p>Oui, nous exp\u00e9dions dans la plupart des pays. Vous pouvez voir les frais d&#8217;exp\u00e9dition dans le processus final de v\u00e9rification, avant d&#8217;effectuer le paiement dans la boutique en ligne.<\/p>\n<p>Si vous ne trouvez pas votre adresse dans la liste, veuillez nous contacter par courrier \u00e9lectronique \u00e0 l&#8217;adresse suivante : <a href=\"mailto:atencionalcliente@nexointeriores.com\">atencionalcliente@nexointeriores.com.<\/a><\/p>\n<p>[\/et_pb_text][\/et_pb_column][\/et_pb_row][et_pb_row _builder_version=&#8221;4.17.4&#8243; _module_preset=&#8221;default&#8221; custom_padding=&#8221;33px||55px|||&#8221; global_colors_info=&#8221;{}&#8221;][et_pb_column type=&#8221;4_4&#8243; _builder_version=&#8221;4.17.4&#8243; _module_preset=&#8221;default&#8221; global_colors_info=&#8221;{}&#8221;][et_pb_text _builder_version=&#8221;4.18.0&#8243; _module_preset=&#8221;default&#8221; global_colors_info=&#8221;{}&#8221;]<\/p>\n<h2><b>D\u00e9lais de livraison :<\/b><\/h2>\n<p>&nbsp;<\/p>\n<h5><b>Estimation du d\u00e9lai de livraison et des frais d&#8217;exp\u00e9dition<\/b><\/h5>\n<p>Nous traitons votre commande aussi rapidement que possible. Toutes les commandes sont trait\u00e9es dans notre entrep\u00f4t en Espagne dans un d\u00e9lai de cinq jours ouvrables. Cependant, tous les clients payant par carte de cr\u00e9dit seront soumis \u00e0 des contr\u00f4les de validation et Nexo se r\u00e9serve le droit de retarder une commande si nous estimons que des contr\u00f4les de s\u00e9curit\u00e9 suppl\u00e9mentaires sont n\u00e9cessaires. Lorsque votre commande est exp\u00e9di\u00e9e, nous vous envoyons par courriel le num\u00e9ro de suivi du colis.<\/p>\n<p>Si vous recevez votre commande endommag\u00e9e, veuillez contacter le service client\u00e8le \u00e0 l&#8217;adresse <a href=\"mailto:atencionalcliente@nexointeriores.com\">atencionalcliente@nexointeriores.com.<\/a><\/p>\n<p>&nbsp;<\/p>\n<h5><b>Combien de temps durent les livraisons ?<\/b><\/h5>\n<p>Une fois que vous avez pass\u00e9 votre commande, elle est envoy\u00e9e \u00e0 la production. D\u00e8s que votre produit est pr\u00eat, il est pr\u00e9par\u00e9 pour une exp\u00e9dition urgente. Le d\u00e9lai de livraison \u00e0 partir du moment o\u00f9 la commande est pass\u00e9e est de 7 \u00e0 8 jours ouvrables pour la France m\u00e9tropolitaine. Pour le reste de l&#8217;Europe, veuillez vous reporter \u00e0 nos &#8220;conditions g\u00e9n\u00e9rales&#8221;.<\/p>\n<p>[\/et_pb_text][et_pb_text _builder_version=&#8221;4.17.4&#8243; _module_preset=&#8221;default&#8221; global_colors_info=&#8221;{}&#8221;]<\/p>\n<h2><b>Suivi des commandes :<\/b><\/h2>\n<p><strong> <\/strong><\/p>\n<h5><b>Comment puis-je suivre ma commande ?<\/b><\/h5>\n<p>Lorsque votre commande a \u00e9t\u00e9 exp\u00e9di\u00e9e depuis notre entrep\u00f4t, vous recevrez un courriel contenant un lien de suivi. Si vous n&#8217;avez pas re\u00e7u d&#8217;e-mail, veuillez v\u00e9rifier votre dossier de courrier ind\u00e9sirable et vous assurer que vous avez fourni la bonne adresse e-mail.<\/p>\n<p>Si vous avez des doutes ou des questions, veuillez contacter notre service client\u00e8le \u00e0 l&#8217;adresse <a href=\"mailto:en%20atencionalcliente@nexointeriores.com\">atencionalcliente@nexointeriores.com<\/a> en vous munissant de votre num\u00e9ro de commande afin que nous puissions vous aider le plus rapidement possible.<br \/>\n&nbsp;[\/et_pb_text][et_pb_text _builder_version=&#8221;4.17.4&#8243; _module_preset=&#8221;default&#8221; global_colors_info=&#8221;{}&#8221;]<\/p>\n<h2><b>Probl\u00e8mes de livraison et produits d\u00e9fectueux :<\/b><\/h2>\n<p>&nbsp;<\/p>\n<h5><b>J&#8217;ai re\u00e7u un article incorrect ou d\u00e9fectueux, que dois-je faire ?<\/b><\/h5>\n<p>Si vous avez d\u00e9tect\u00e9 une erreur ou un dommage sur votre produit, veuillez nous contacter avec les informations suivantes :<\/p>\n<ul>\n<li>Num\u00e9ro de commande.<\/li>\n<li>Image de l&#8217;article que vous avez re\u00e7u d\u00e9fectueux.<\/li>\n<li>Une br\u00e8ve description expliquant votre probl\u00e8me avec la commande.<\/li>\n<\/ul>\n<p>&nbsp;<\/p>\n<p>Veuillez noter que si votre commande arrive d\u00e9fectueuse, veuillez nous en informer dans le cadre de notre politique de retour de 14 jours afin que nous puissions r\u00e9soudre le probl\u00e8me le plus rapidement possible.<br \/>\n&nbsp;<\/p>\n<h5><b>Je n&#8217;ai pas re\u00e7u de confirmation de commande<\/b><\/h5>\n<p>Si vous n&#8217;avez pas re\u00e7u de confirmation de commande, il est possible que votre commande n&#8217;ait pas encore \u00e9t\u00e9 approuv\u00e9e et trait\u00e9e, et que vous n&#8217;ayez donc pas re\u00e7u de confirmation de votre achat.<\/p>\n<p>Veuillez v\u00e9rifier si votre confirmation de commande ne se trouve pas dans votre bo\u00eete de courrier ind\u00e9sirable. Veuillez v\u00e9rifier si l&#8217;adresse \u00e9lectronique que vous avez fournie est correcte. Si vous ne recevez toujours pas de confirmation de votre commande, veuillez contacter notre service client\u00e8le \u00e0 l&#8217;adresse <a href=\"mailto:atencionalcliente@nexointeriores.com\">atencionalcliente@nexointeriores.com.<\/a><\/p>\n<p>&nbsp;<\/p>\n<h5><b>Je rencontre des probl\u00e8mes de livraison<b><\/h5>\n<p>Si vous rencontrez des probl\u00e8mes avec votre livraison, vous pouvez toujours contacter notre service client\u00e8le \u00e0 l&#8217;adresse <a href=\"mailto:atencionalcliente@nexointeriores.com\">atencionalcliente@nexointeriores.com<\/a>. Veuillez indiquer le num\u00e9ro de votre commande. De cette fa\u00e7on, nous pouvons vous aider \u00e0 r\u00e9soudre votre probl\u00e8me rapidement.<br \/>\n&nbsp;[\/et_pb_text][et_pb_text admin_label=&#8221;Texto&#8221; _builder_version=&#8221;4.19.5&#8243; _module_preset=&#8221;default&#8221; global_colors_info=&#8221;{}&#8221;]   <\/p>\n<h2><b>\u00c9changes, retours et remboursements :<\/b><\/h2>\n<p>&nbsp;<\/p>\n<h5><b>Comment puis-je modifier ou annuler ma commande ?<\/b><\/h5>\n<p>Si vous souhaitez \u00e9changer ou annuler votre commande, veuillez consulter les conditions de retrait, de retour, de produits d\u00e9fectueux et d&#8217;annulation <a href=\"https:\/\/nexointeriores.com\/fr\/conditions-generales\/\">ici.<\/a><\/p>\n<p>&nbsp;<\/p>\n<h5><b>Comment puis-je \u00e9changer ou retourner mon achat ? Quelles sont nos politiques de retour ?<\/b><\/h5>\n<p>Vous disposez de 14 jours ouvrables pour \u00e9changer ou retourner votre achat. Veuillez noter que les frais d&#8217;exp\u00e9dition ne sont pas remboursables et que le produit doit \u00eatre retourn\u00e9 en parfait \u00e9tat et dans le m\u00eame emballage que celui dans lequel il a \u00e9t\u00e9 re\u00e7u. Veillez \u00e0 conserver l&#8217;emballage d&#8217;origine pour le reconditionnement et le retour \u00e0 notre entrep\u00f4t.<\/p>\n<p>Les frais de renvoi des biens sont \u00e0 la charge du consommateur, sauf dans les cas o\u00f9 les biens arrivent endommag\u00e9s ou d\u00e9fectueux.<\/p>\n<p>&nbsp;<\/p>\n<h5><b>Quand recevrai-je un remboursement pour mon retour ?<\/b><\/h5>\n<p>D\u00e8s que nous recevrons votre retour, la proc\u00e9dure de remboursement commencera. Ce processus peut prendre plusieurs jours. D\u00e8s que la proc\u00e9dure de retour sera termin\u00e9e, vous recevrez une notification par courrier \u00e9lectronique et un remboursement via le m\u00eame mode de paiement que celui que vous avez utilis\u00e9 pour votre achat.<\/p>\n<p>[\/et_pb_text][\/et_pb_column][\/et_pb_row][\/et_pb_section]<\/p>\n","protected":false},"excerpt":{"rendered":"<p>FAQsEnvois: &nbsp; Y a-t-il des frais d&#8217;exp\u00e9dition en France ? Livraison gratuite en France continentale pour les commandes sup\u00e9rieures \u00e0 250 \u20ac. Pour les commandes inf\u00e9rieures \u00e0 100\u20ac, les frais de port sont \u00e0 partir de 30\u20ac. Les envois en France sont uniquement sur le territoire m\u00e9tropolitain. Nous ne desservons pas les r\u00e9gions d&#8217;outre mer. [&hellip;]<\/p>\n","protected":false},"author":1,"featured_media":0,"parent":0,"menu_order":0,"comment_status":"closed","ping_status":"closed","template":"","meta":{"_et_pb_use_builder":"on","_et_pb_old_content":"","_et_gb_content_width":"","footnotes":""},"class_list":["post-32290","page","type-page","status-publish","hentry"],"_links":{"self":[{"href":"https:\/\/nexointeriores.com\/fr\/wp-json\/wp\/v2\/pages\/32290","targetHints":{"allow":["GET"]}}],"collection":[{"href":"https:\/\/nexointeriores.com\/fr\/wp-json\/wp\/v2\/pages"}],"about":[{"href":"https:\/\/nexointeriores.com\/fr\/wp-json\/wp\/v2\/types\/page"}],"author":[{"embeddable":true,"href":"https:\/\/nexointeriores.com\/fr\/wp-json\/wp\/v2\/users\/1"}],"replies":[{"embeddable":true,"href":"https:\/\/nexointeriores.com\/fr\/wp-json\/wp\/v2\/comments?post=32290"}],"version-history":[{"count":0,"href":"https:\/\/nexointeriores.com\/fr\/wp-json\/wp\/v2\/pages\/32290\/revisions"}],"wp:attachment":[{"href":"https:\/\/nexointeriores.com\/fr\/wp-json\/wp\/v2\/media?parent=32290"}],"curies":[{"name":"wp","href":"https:\/\/api.w.org\/{rel}","templated":true}]}}